{"id":16,"date":"2025-05-11T14:13:33","date_gmt":"2025-05-11T14:13:33","guid":{"rendered":"https:\/\/montevinas.com\/startsida\/"},"modified":"2026-03-28T10:15:44","modified_gmt":"2026-03-28T10:15:44","slug":"startsida","status":"publish","type":"page","link":"https:\/\/montevinas.com\/en\/","title":{"rendered":"Urbanizaci\u00f3n Monte Vi\u00f1as"},"content":{"rendered":"<div class=\"wp-block-group alignfull has-background-background-color has-background has-global-padding is-layout-constrained wp-block-group-is-layout-constrained\" style=\"border-top-width:1px;margin-top:0;margin-bottom:0;padding-top:0;padding-bottom:var(--wp--preset--spacing--60)\">\n<div class=\"wp-block-cover alignfull\" style=\"min-height:463px;aspect-ratio:unset;\"><img loading=\"lazy\" decoding=\"async\" width=\"1024\" height=\"768\" class=\"wp-block-cover__image-background wp-image-370 size-large\" alt=\"\" src=\"https:\/\/montevinas.com\/wp-content\/uploads\/2025\/06\/Monte-Vinas-vy-13-April-2022-1024x768.jpg\" data-object-fit=\"cover\" srcset=\"https:\/\/montevinas.com\/wp-content\/uploads\/2025\/06\/Monte-Vinas-vy-13-April-2022-1024x768.jpg 1024w, https:\/\/montevinas.com\/wp-content\/uploads\/2025\/06\/Monte-Vinas-vy-13-April-2022-300x225.jpg 300w, https:\/\/montevinas.com\/wp-content\/uploads\/2025\/06\/Monte-Vinas-vy-13-April-2022-768x576.jpg 768w, https:\/\/montevinas.com\/wp-content\/uploads\/2025\/06\/Monte-Vinas-vy-13-April-2022-1536x1152.jpg 1536w, https:\/\/montevinas.com\/wp-content\/uploads\/2025\/06\/Monte-Vinas-vy-13-April-2022-2048x1536.jpg 2048w\" sizes=\"auto, (max-width: 1024px) 100vw, 1024px\" \/><span aria-hidden=\"true\" class=\"wp-block-cover__background has-background-dim-0 has-background-dim\" style=\"background-color:#4a749b\"><\/span><div class=\"wp-block-cover__inner-container is-layout-flow wp-block-cover-is-layout-flow\">\n<div style=\"height:100px\" aria-hidden=\"true\" class=\"wp-block-spacer\"><\/div>\n<\/div><\/div>\n\n\n\n<div class=\"wp-block-columns alignwide is-layout-flex wp-container-core-columns-is-layout-28f84493 wp-block-columns-is-layout-flex\">\n<div class=\"wp-block-column is-layout-flow wp-block-column-is-layout-flow\" style=\"flex-basis:66.66%\">\n<h1 class=\"wp-block-heading alignwide\" style=\"font-size:clamp(2.418rem, 2.418rem + ((1vw - 0.2rem) * 3.47), 4.5rem);\">Bienvenidos<\/h1>\n\n\n\n<p>A website for homeowners in Monte Vi\u00f1as<\/p>\n<\/div>\n\n\n\n<div class=\"wp-block-column is-layout-flow wp-block-column-is-layout-flow\" style=\"flex-basis:33.33%\">\n<p style=\"margin-top:16px\">Welcome to Monte Vi\u00f1as \u2013 a well-maintained and welcoming community in Manilva<\/p>\n\n\n\n<div class=\"wp-block-buttons is-content-justification-left is-layout-flex wp-container-core-buttons-is-layout-0bc89592 wp-block-buttons-is-layout-flex\" style=\"margin-top:var(--wp--preset--spacing--40)\">\n<div class=\"wp-block-button\"><a class=\"wp-block-button__link wp-element-button\" href=\"https:\/\/montevinas.com\/en\/login\/\">Log in<\/a><\/div>\n<\/div>\n<\/div>\n<\/div>\n\n\n\n<div class=\"wp-block-columns alignwide is-layout-flex wp-container-core-columns-is-layout-28f84493 wp-block-columns-is-layout-flex\"><\/div>\n<\/div>","protected":false},"excerpt":{"rendered":"<p>Bienvenidos En webbsida f\u00f6r hus\u00e4gare i Monte Vi\u00f1as V\u00e4lkommen till Monte Vi\u00f1as \u2013 Den v\u00e4lsk\u00f6tta och familj\u00e4ra urbanisationen i Manilva<\/p>","protected":false},"author":1,"featured_media":0,"parent":0,"menu_order":0,"comment_status":"closed","ping_status":"closed","template":"no-title","meta":{"_acf_changed":false,"footnotes":""},"class_list":["post-16","page","type-page","status-publish","hentry"],"acf":[],"_links":{"self":[{"href":"https:\/\/montevinas.com\/en\/wp-json\/wp\/v2\/pages\/16","targetHints":{"allow":["GET"]}}],"collection":[{"href":"https:\/\/montevinas.com\/en\/wp-json\/wp\/v2\/pages"}],"about":[{"href":"https:\/\/montevinas.com\/en\/wp-json\/wp\/v2\/types\/page"}],"author":[{"embeddable":true,"href":"https:\/\/montevinas.com\/en\/wp-json\/wp\/v2\/users\/1"}],"replies":[{"embeddable":true,"href":"https:\/\/montevinas.com\/en\/wp-json\/wp\/v2\/comments?post=16"}],"version-history":[{"count":2,"href":"https:\/\/montevinas.com\/en\/wp-json\/wp\/v2\/pages\/16\/revisions"}],"predecessor-version":[{"id":2015,"href":"https:\/\/montevinas.com\/en\/wp-json\/wp\/v2\/pages\/16\/revisions\/2015"}],"wp:attachment":[{"href":"https:\/\/montevinas.com\/en\/wp-json\/wp\/v2\/media?parent=16"}],"curies":[{"name":"wp","href":"https:\/\/api.w.org\/{rel}","templated":true}]}}