{"id":115,"date":"2025-05-29T17:55:04","date_gmt":"2025-05-29T17:55:04","guid":{"rendered":"https:\/\/montevinas.com\/login\/"},"modified":"2026-03-28T11:13:55","modified_gmt":"2026-03-28T11:13:55","slug":"login","status":"publish","type":"page","link":"https:\/\/montevinas.com\/en\/login\/","title":{"rendered":"Log in"},"content":{"rendered":"<figure class=\"wp-block-image alignfull size-large\"><img loading=\"lazy\" decoding=\"async\" width=\"1024\" height=\"307\" src=\"https:\/\/montevinas.com\/wp-content\/uploads\/2026\/02\/welcome-20250804-1631-61-2-1024x307.jpg\" alt=\"\" class=\"wp-image-1841\" srcset=\"https:\/\/montevinas.com\/wp-content\/uploads\/2026\/02\/welcome-20250804-1631-61-2-1024x307.jpg 1024w, https:\/\/montevinas.com\/wp-content\/uploads\/2026\/02\/welcome-20250804-1631-61-2-300x90.jpg 300w, https:\/\/montevinas.com\/wp-content\/uploads\/2026\/02\/welcome-20250804-1631-61-2-768x230.jpg 768w, https:\/\/montevinas.com\/wp-content\/uploads\/2026\/02\/welcome-20250804-1631-61-2-1536x461.jpg 1536w, https:\/\/montevinas.com\/wp-content\/uploads\/2026\/02\/welcome-20250804-1631-61-2-2048x615.jpg 2048w, https:\/\/montevinas.com\/wp-content\/uploads\/2026\/02\/welcome-20250804-1631-61-2-18x5.jpg 18w\" sizes=\"auto, (max-width: 1024px) 100vw, 1024px\" \/><\/figure>\n\n\n\n<div class=\"wp-block-group alignfull has-tertiary-background-color has-background has-global-padding is-layout-constrained wp-container-core-group-is-layout-7276a2bb wp-block-group-is-layout-constrained\" style=\"border-top-width:1px;margin-top:0;margin-bottom:0;padding-top:var(--wp--preset--spacing--60);padding-right:var(--wp--preset--spacing--30);padding-bottom:var(--wp--preset--spacing--60);padding-left:var(--wp--preset--spacing--30)\">\n<h2 class=\"wp-block-heading has-text-align-center has-large-font-size\">Homeowner Login<\/h2>\n\n\n\n\n<div class=\"um um-login um-111\">\n\t<div class=\"um-form\">\n\t\t<form method=\"post\" action=\"\" autocomplete=\"off\" data-trp-original-action=\"\">\n\t\t\t<div class=\"um-row _um_row_1  um-customized-row\" style=\"padding: 0px 0px 0px 0px;margin: 0px 0px 30px 0px;border-width: 0px 0px 0px 0px;border-style: solid;border-color: #ffffff;border-radius: 0px;color: #ffffff !important;\"><div class=\"um-col-1\"><div  id=\"um_field_111_username\" class=\"um-field um-field-text  um-field-username um-field-text um-field-type_text\" data-key=\"username\"><div class=\"um-field-label\"><label for=\"username-111\">Username or Email<\/label><div class=\"um-clear\"><\/div><\/div><div class=\"um-field-area\"><input  autocomplete=\"off\" class=\"um-form-field valid\" type=\"text\" name=\"username-111\" id=\"username-111\" value=\"\" placeholder=\"\" data-validate=\"\" data-key=\"username\"  aria-invalid=\"false\" \/>\n\n\t\t\t\t\t\t<\/div><\/div><div  id=\"um_field_111_user_password\" class=\"um-field um-field-password  um-field-user_password um-field-password um-field-type_password\" data-key=\"user_password\"><div class=\"um-field-label\"><label for=\"user_password-111\">Password<\/label><div class=\"um-clear\"><\/div><\/div><div class=\"um-field-area\"><input class=\"um-form-field valid\" type=\"password\" name=\"user_password-111\" id=\"user_password-111\" value=\"\" placeholder=\"\" data-validate=\"\" data-key=\"user_password\"  aria-invalid=\"false\" \/>\n\n\t\t\t\t\t\t\t<\/div><\/div><\/div><\/div>\t<input type=\"hidden\" name=\"form_id\" id=\"form_id_111\" value=\"111\" \/>\n\t\t<p class=\"um_request_name\">\n\t\t<label for=\"um_request_111\">Only fill in if you are not human<\/label>\n\t\t<input type=\"hidden\" name=\"um_request\" id=\"um_request_111\" class=\"input\" value=\"\" size=\"25\" autocomplete=\"off\" \/>\n\t<\/p>\n\t<input type=\"hidden\" name=\"redirect_to\" id=\"redirect_to\" value=\"https:\/\/montevinas.com\/valkommen\/\" \/><input type=\"hidden\" id=\"_wpnonce\" name=\"_wpnonce\" value=\"6de69e408f\" \/><input type=\"hidden\" name=\"_wp_http_referer\" value=\"\/en\/wp-json\/wp\/v2\/pages\/115\" \/>\n\t<div class=\"um-col-alt\">\n\n\t\t\n\n\t\t\t<div class=\"um-field um-field-c\">\n\t\t\t\t<div class=\"um-field-area\">\n\t\t\t\t\t<label class=\"um-field-checkbox\">\n\t\t\t\t\t\t<input type=\"checkbox\" name=\"rememberme\" value=\"1\"  \/>\n\t\t\t\t\t\t<span class=\"um-field-checkbox-state\"><i class=\"um-icon-android-checkbox-outline-blank\"><\/i><\/span>\n\t\t\t\t\t\t<span class=\"um-field-checkbox-option\"> Keep me signed in<\/span>\n\t\t\t\t\t<\/label>\n\t\t\t\t<\/div>\n\t\t\t<\/div>\n\n\t\t\t\t\t\t<div class=\"um-clear\"><\/div>\n\t\t\n\t\t\t<div class=\"um-center\">\n\t\t\t\t<input type=\"submit\" value=\"Log in\" class=\"um-button\" id=\"um-submit-btn\" \/>\n\t\t\t<\/div>\n\n\t\t\n\t\t<div class=\"um-clear\"><\/div>\n\n\t<\/div>\n\n\t\n\t<div class=\"um-col-alt-b\">\n\t\t<a href=\"https:\/\/montevinas.com\/en\/password-reset\/\" class=\"um-link-alt\">\n\t\t\tForgot your password?\t\t<\/a>\n\t<\/div>\n\n\t\t\t<input type=\"hidden\" name=\"trp-form-language\" value=\"en\"\/><\/form>\n\t<\/div>\n<\/div>\n<style>\n\t\t\t.um-111.um {\n\t\t\tmax-width: 450px;\n\t\t}\n\t\t<\/style>\n\n\n\n\n<p class=\"has-text-align-center\" style=\"margin-top:16px\">If you don\u2019t remember your login details, please click <a href=\"https:\/\/montevinas.com\/en\/password-reset\/\" target=\"_blank\" rel=\"noopener\" title=\"\">\u201cForgot password\u201d<\/a> above and follow the instructions.<\/p>\n\n\n\n<p class=\"has-text-align-center\"><a href=\"https:\/\/montevinas.com\/en\/privacy-policy\/\" data-type=\"page\" data-id=\"1995\" target=\"_blank\" rel=\"noreferrer noopener\">Privacy Policy \u2013 Monte Vi\u00f1as Community Association<\/a><\/p>\n<\/div>","protected":false},"excerpt":{"rendered":"<p>Inlogging f\u00f6r hus\u00e4gare Om du inte minns dina uppgifter s\u00e5 klicka p\u00e5 gl\u00f6mt l\u00f6senordet ovan och f\u00f6lj intruktionerna. Integritetspolicy f\u00f6r urbanisationen Monte Vi\u00f1as<\/p>","protected":false},"author":1,"featured_media":854,"parent":0,"menu_order":0,"comment_status":"closed","ping_status":"closed","template":"inlogg-sida","meta":{"_acf_changed":false,"footnotes":""},"class_list":["post-115","page","type-page","status-publish","has-post-thumbnail","hentry"],"acf":[],"_links":{"self":[{"href":"https:\/\/montevinas.com\/en\/wp-json\/wp\/v2\/pages\/115","targetHints":{"allow":["GET"]}}],"collection":[{"href":"https:\/\/montevinas.com\/en\/wp-json\/wp\/v2\/pages"}],"about":[{"href":"https:\/\/montevinas.com\/en\/wp-json\/wp\/v2\/types\/page"}],"author":[{"embeddable":true,"href":"https:\/\/montevinas.com\/en\/wp-json\/wp\/v2\/users\/1"}],"replies":[{"embeddable":true,"href":"https:\/\/montevinas.com\/en\/wp-json\/wp\/v2\/comments?post=115"}],"version-history":[{"count":5,"href":"https:\/\/montevinas.com\/en\/wp-json\/wp\/v2\/pages\/115\/revisions"}],"predecessor-version":[{"id":2021,"href":"https:\/\/montevinas.com\/en\/wp-json\/wp\/v2\/pages\/115\/revisions\/2021"}],"wp:featuredmedia":[{"embeddable":true,"href":"https:\/\/montevinas.com\/en\/wp-json\/wp\/v2\/media\/854"}],"wp:attachment":[{"href":"https:\/\/montevinas.com\/en\/wp-json\/wp\/v2\/media?parent=115"}],"curies":[{"name":"wp","href":"https:\/\/api.w.org\/{rel}","templated":true}]}}